{"id":18,"date":"2024-01-30T10:41:56","date_gmt":"2024-01-30T10:41:56","guid":{"rendered":"https:\/\/imsc.lt\/?page_id=18"},"modified":"2024-01-30T10:45:17","modified_gmt":"2024-01-30T10:45:17","slug":"kelmiskiams-lt","status":"publish","type":"page","link":"https:\/\/imsc.lt\/index.php\/kelmiskiams-lt\/","title":{"rendered":"Kelmi\u0161kiams.lt"},"content":{"rendered":"\n<p>Informacijos main\u0173 ir \u0161vietimo centras administruoja Kelm\u0117s rajono naujien\u0173 portal\u0105 Kelmi\u0161kiams.lt<\/p>\n\n\n\n<figure class=\"wp-block-image size-large is-resized\"><a href=\"www.kelmiskiams.lt\"><img loading=\"lazy\" decoding=\"async\" width=\"1024\" height=\"335\" src=\"https:\/\/imsc.lt\/wp-content\/uploads\/2024\/01\/Logo_Kelmiskiams_2024-1024x335.png\" alt=\"\" class=\"wp-image-37\" style=\"width:657px;height:auto\" srcset=\"https:\/\/imsc.lt\/wp-content\/uploads\/2024\/01\/Logo_Kelmiskiams_2024-1024x335.png 1024w, https:\/\/imsc.lt\/wp-content\/uploads\/2024\/01\/Logo_Kelmiskiams_2024-300x98.png 300w, https:\/\/imsc.lt\/wp-content\/uploads\/2024\/01\/Logo_Kelmiskiams_2024-768x251.png 768w, https:\/\/imsc.lt\/wp-content\/uploads\/2024\/01\/Logo_Kelmiskiams_2024.png 1140w\" sizes=\"(max-width: 1024px) 100vw, 1024px\" \/><\/a><\/figure>\n","protected":false},"excerpt":{"rendered":"<p>Informacijos main\u0173 ir \u0161vietimo centras administruoja Kelm\u0117s rajono naujien\u0173 portal\u0105 Kelmi\u0161kiams.lt<\/p>\n","protected":false},"author":2,"featured_media":0,"parent":0,"menu_order":0,"comment_status":"closed","ping_status":"closed","template":"","meta":{"om_disable_all_campaigns":false,"_monsterinsights_skip_tracking":false,"_monsterinsights_sitenote_active":false,"_monsterinsights_sitenote_note":"","_monsterinsights_sitenote_category":0,"footnotes":""},"aioseo_notices":[],"_links":{"self":[{"href":"https:\/\/imsc.lt\/index.php\/wp-json\/wp\/v2\/pages\/18"}],"collection":[{"href":"https:\/\/imsc.lt\/index.php\/wp-json\/wp\/v2\/pages"}],"about":[{"href":"https:\/\/imsc.lt\/index.php\/wp-json\/wp\/v2\/types\/page"}],"author":[{"embeddable":true,"href":"https:\/\/imsc.lt\/index.php\/wp-json\/wp\/v2\/users\/2"}],"replies":[{"embeddable":true,"href":"https:\/\/imsc.lt\/index.php\/wp-json\/wp\/v2\/comments?post=18"}],"version-history":[{"count":3,"href":"https:\/\/imsc.lt\/index.php\/wp-json\/wp\/v2\/pages\/18\/revisions"}],"predecessor-version":[{"id":38,"href":"https:\/\/imsc.lt\/index.php\/wp-json\/wp\/v2\/pages\/18\/revisions\/38"}],"wp:attachment":[{"href":"https:\/\/imsc.lt\/index.php\/wp-json\/wp\/v2\/media?parent=18"}],"curies":[{"name":"wp","href":"https:\/\/api.w.org\/{rel}","templated":true}]}}