{"id":15,"date":"2024-01-30T10:41:56","date_gmt":"2024-01-30T10:41:56","guid":{"rendered":"https:\/\/imsc.lt\/?page_id=15"},"modified":"2024-01-30T11:21:06","modified_gmt":"2024-01-30T11:21:06","slug":"apie","status":"publish","type":"page","link":"https:\/\/imsc.lt\/index.php\/apie\/","title":{"rendered":"Apie"},"content":{"rendered":"\n<p>Informacijos main\u0173 ir \u0161vietimo centras (IM\u0160C) \u2013 suaugusi\u0173j\u0173 neformalaus \u0161vietimo<br>\u012fstaiga, atliepianti aktualiausius mokymosi vis\u0105 gyvenim\u0105, profesini\u0173 bei asmenini\u0173<br>kompetencij\u0173 tobulinimo poreikius, skatinanti ir diegianti edukacines inovacijas,<br>atitinkan\u010dias suaugusi\u0173j\u0173 mokymosi vis\u0105 gyvenim\u0105 poreikius.<\/p>\n\n\n\n<p><strong>Informacijos main\u0173 ir \u0161vietimo centras<br>\u012emon\u0117s kodas 303230600<br>Kelm\u0117s g. 15, Verpena, Kelm\u0117s r. sav. 86105<br>El.p. info\/eta\/imsc.lt <br>Tel. 0 653 60527, 0 686 97109<\/strong><\/p>\n\n\n\n<p><\/p>\n","protected":false},"excerpt":{"rendered":"<p>Informacijos main\u0173 ir \u0161vietimo centras (IM\u0160C) \u2013 suaugusi\u0173j\u0173 neformalaus \u0161vietimo\u012fstaiga, atliepianti aktualiausius mokymosi vis\u0105 gyvenim\u0105, profesini\u0173 bei asmenini\u0173kompetencij\u0173 tobulinimo poreikius, skatinanti ir diegianti edukacines inovacijas,atitinkan\u010dias [&hellip;]<\/p>\n","protected":false},"author":2,"featured_media":0,"parent":0,"menu_order":0,"comment_status":"closed","ping_status":"closed","template":"","meta":{"om_disable_all_campaigns":false,"_monsterinsights_skip_tracking":false,"_monsterinsights_sitenote_active":false,"_monsterinsights_sitenote_note":"","_monsterinsights_sitenote_category":0,"footnotes":""},"aioseo_notices":[],"_links":{"self":[{"href":"https:\/\/imsc.lt\/index.php\/wp-json\/wp\/v2\/pages\/15"}],"collection":[{"href":"https:\/\/imsc.lt\/index.php\/wp-json\/wp\/v2\/pages"}],"about":[{"href":"https:\/\/imsc.lt\/index.php\/wp-json\/wp\/v2\/types\/page"}],"author":[{"embeddable":true,"href":"https:\/\/imsc.lt\/index.php\/wp-json\/wp\/v2\/users\/2"}],"replies":[{"embeddable":true,"href":"https:\/\/imsc.lt\/index.php\/wp-json\/wp\/v2\/comments?post=15"}],"version-history":[{"count":4,"href":"https:\/\/imsc.lt\/index.php\/wp-json\/wp\/v2\/pages\/15\/revisions"}],"predecessor-version":[{"id":64,"href":"https:\/\/imsc.lt\/index.php\/wp-json\/wp\/v2\/pages\/15\/revisions\/64"}],"wp:attachment":[{"href":"https:\/\/imsc.lt\/index.php\/wp-json\/wp\/v2\/media?parent=15"}],"curies":[{"name":"wp","href":"https:\/\/api.w.org\/{rel}","templated":true}]}}